{"id":38,"date":"2025-01-09T12:42:41","date_gmt":"2025-01-09T11:42:41","guid":{"rendered":"https:\/\/tagesmuttertuebingen.de\/?page_id=38"},"modified":"2025-06-27T16:04:59","modified_gmt":"2025-06-27T14:04:59","slug":"ueber-mich","status":"publish","type":"page","link":"https:\/\/tagesmuttertuebingen.de\/?page_id=38","title":{"rendered":"\u00dcber Mich"},"content":{"rendered":"\n<div class=\"wp-block-media-text has-media-on-the-right is-stacked-on-mobile\" style=\"grid-template-columns:auto 27%\"><div class=\"wp-block-media-text__content\">\n<p>Mein Name ist Astrid Wagner, ich bin Mutter von 4 Kindern und gelernte Waldorferzieherin. Viele Jahre habe ich als Einrichtungsleitung im Waldorfkindergarten und in einer Krippe (u3) gearbeitet.<br>2019 habe ich mich als Tagesmutter selbst\u00e4ndig gemacht.<\/p>\n<\/div><figure class=\"wp-block-media-text__media\"><img loading=\"lazy\" decoding=\"async\" width=\"683\" height=\"1024\" src=\"https:\/\/tagesmuttertuebingen.de\/wp-content\/uploads\/2025\/05\/DSC_5724-683x1024.jpg\" alt=\"\" class=\"wp-image-270 size-full\" srcset=\"https:\/\/tagesmuttertuebingen.de\/wp-content\/uploads\/2025\/05\/DSC_5724-683x1024.jpg 683w, https:\/\/tagesmuttertuebingen.de\/wp-content\/uploads\/2025\/05\/DSC_5724-200x300.jpg 200w, https:\/\/tagesmuttertuebingen.de\/wp-content\/uploads\/2025\/05\/DSC_5724-768x1152.jpg 768w, https:\/\/tagesmuttertuebingen.de\/wp-content\/uploads\/2025\/05\/DSC_5724-1024x1536.jpg 1024w, https:\/\/tagesmuttertuebingen.de\/wp-content\/uploads\/2025\/05\/DSC_5724-1365x2048.jpg 1365w, https:\/\/tagesmuttertuebingen.de\/wp-content\/uploads\/2025\/05\/DSC_5724-scaled.jpg 1707w\" sizes=\"auto, (max-width: 683px) 100vw, 683px\" \/><\/figure><\/div>\n\n\n\n<p><\/p>\n\n\n\n<p> Ich habe viel Freude an meiner Aufgabe und versuche den Kindern ein fr\u00f6hliches und ausgeglichenes Gegen\u00fcber zu sein. Es ist mir wichtig, den Kindern ein verl\u00e4ssliches Umfeld zu bieten, so dass sie sich individuell entwickeln k\u00f6nnen. Das sch\u00f6nste Geschenk ist es, die gl\u00fccklichen und zufriedenen Kinder erleben zu d\u00fcrfen.<\/p>\n\n\n\n<p>Mit\u00a0den\u00a0Kindern\u00a0bin\u00a0ich\u00a0gerne\u00a0in\u00a0der\u00a0Natur,\u00a0und\u00a0mir\u00a0ist\u00a0ein\u00a0achtsamer\u00a0Umgang\u00a0mit\u00a0unserer\u00a0Umwelt\u00a0wichtig.\u00a0Auch\u00a0bei\u00a0der\u00a0Ern\u00e4hrung\u00a0achte\u00a0ich\u00a0darauf,\u00a0dass\u00a0es\u00a0Bioprodukte\u00a0sind\u00a0und\u00a0 m\u00f6glichst\u00a0viel\u00a0Regionales\u00a0und\u00a0auch\u00a0der\u00a0Saison\u00a0entsprechend.<\/p>\n\n\n\n<p><\/p>\n\n\n\n<p><\/p>\n\n\n\n<figure class=\"wp-block-image size-large is-resized\"><img loading=\"lazy\" decoding=\"async\" width=\"1024\" height=\"769\" src=\"https:\/\/tagesmuttertuebingen.de\/wp-content\/uploads\/2025\/01\/IMG_20250113_081028-1024x769.jpg\" alt=\"\" class=\"wp-image-121\" style=\"width:1200px;height:auto\" srcset=\"https:\/\/tagesmuttertuebingen.de\/wp-content\/uploads\/2025\/01\/IMG_20250113_081028-1024x769.jpg 1024w, https:\/\/tagesmuttertuebingen.de\/wp-content\/uploads\/2025\/01\/IMG_20250113_081028-300x225.jpg 300w, https:\/\/tagesmuttertuebingen.de\/wp-content\/uploads\/2025\/01\/IMG_20250113_081028-768x577.jpg 768w, https:\/\/tagesmuttertuebingen.de\/wp-content\/uploads\/2025\/01\/IMG_20250113_081028-1536x1153.jpg 1536w, https:\/\/tagesmuttertuebingen.de\/wp-content\/uploads\/2025\/01\/IMG_20250113_081028-2048x1538.jpg 2048w, https:\/\/tagesmuttertuebingen.de\/wp-content\/uploads\/2025\/01\/IMG_20250113_081028-scaled-2000x1502.jpg 2000w, https:\/\/tagesmuttertuebingen.de\/wp-content\/uploads\/2025\/01\/IMG_20250113_081028-scaled-600x450.jpg 600w, https:\/\/tagesmuttertuebingen.de\/wp-content\/uploads\/2025\/01\/IMG_20250113_081028-scaled-1200x901.jpg 1200w\" sizes=\"auto, (max-width: 1024px) 100vw, 1024px\" \/><\/figure>\n","protected":false},"excerpt":{"rendered":"<p>Mein Name ist Astrid Wagner, ich bin Mutter von 4 Kindern und gelernte Waldorferzieherin. Viele Jahre habe ich als Einrichtungsleitung [&hellip;]<\/p>\n","protected":false},"author":2,"featured_media":0,"parent":0,"menu_order":0,"comment_status":"closed","ping_status":"closed","template":"","meta":{"site-sidebar-layout":"default","site-content-layout":"","ast-site-content-layout":"default","site-content-style":"default","site-sidebar-style":"default","ast-global-header-display":"","ast-banner-title-visibility":"","ast-main-header-display":"","ast-hfb-above-header-display":"","ast-hfb-below-header-display":"","ast-hfb-mobile-header-display":"","site-post-title":"","ast-breadcrumbs-content":"","ast-featured-img":"","footer-sml-layout":"","theme-transparent-header-meta":"","adv-header-id-meta":"","stick-header-meta":"","header-above-stick-meta":"","header-main-stick-meta":"","header-below-stick-meta":"","astra-migrate-meta-layouts":"default","ast-page-background-enabled":"default","ast-page-background-meta":{"desktop":{"background-color":"var(--ast-global-color-5)","background-image":"","background-repeat":"repeat","background-position":"center center","background-size":"auto","background-attachment":"scroll","background-type":"","background-media":"","overlay-type":"","overlay-color":"","overlay-opacity":"","overlay-gradient":""},"tablet":{"background-color":"","background-image":"","background-repeat":"repeat","background-position":"center center","background-size":"auto","background-attachment":"scroll","background-type":"","background-media":"","overlay-type":"","overlay-color":"","overlay-opacity":"","overlay-gradient":""},"mobile":{"background-color":"","background-image":"","background-repeat":"repeat","background-position":"center center","background-size":"auto","background-attachment":"scroll","background-type":"","background-media":"","overlay-type":"","overlay-color":"","overlay-opacity":"","overlay-gradient":""}},"ast-content-background-meta":{"desktop":{"background-color":"var(--ast-global-color-4)","background-image":"","background-repeat":"repeat","background-position":"center center","background-size":"auto","background-attachment":"scroll","background-type":"","background-media":"","overlay-type":"","overlay-color":"","overlay-opacity":"","overlay-gradient":""},"tablet":{"background-color":"var(--ast-global-color-4)","background-image":"","background-repeat":"repeat","background-position":"center center","background-size":"auto","background-attachment":"scroll","background-type":"","background-media":"","overlay-type":"","overlay-color":"","overlay-opacity":"","overlay-gradient":""},"mobile":{"background-color":"var(--ast-global-color-4)","background-image":"","background-repeat":"repeat","background-position":"center center","background-size":"auto","background-attachment":"scroll","background-type":"","background-media":"","overlay-type":"","overlay-color":"","overlay-opacity":"","overlay-gradient":""}},"footnotes":""},"class_list":["post-38","page","type-page","status-publish","hentry"],"_links":{"self":[{"href":"https:\/\/tagesmuttertuebingen.de\/index.php?rest_route=\/wp\/v2\/pages\/38","targetHints":{"allow":["GET"]}}],"collection":[{"href":"https:\/\/tagesmuttertuebingen.de\/index.php?rest_route=\/wp\/v2\/pages"}],"about":[{"href":"https:\/\/tagesmuttertuebingen.de\/index.php?rest_route=\/wp\/v2\/types\/page"}],"author":[{"embeddable":true,"href":"https:\/\/tagesmuttertuebingen.de\/index.php?rest_route=\/wp\/v2\/users\/2"}],"replies":[{"embeddable":true,"href":"https:\/\/tagesmuttertuebingen.de\/index.php?rest_route=%2Fwp%2Fv2%2Fcomments&post=38"}],"version-history":[{"count":24,"href":"https:\/\/tagesmuttertuebingen.de\/index.php?rest_route=\/wp\/v2\/pages\/38\/revisions"}],"predecessor-version":[{"id":278,"href":"https:\/\/tagesmuttertuebingen.de\/index.php?rest_route=\/wp\/v2\/pages\/38\/revisions\/278"}],"wp:attachment":[{"href":"https:\/\/tagesmuttertuebingen.de\/index.php?rest_route=%2Fwp%2Fv2%2Fmedia&parent=38"}],"curies":[{"name":"wp","href":"https:\/\/api.w.org\/{rel}","templated":true}]}}