{"id":71,"date":"2025-01-12T15:36:03","date_gmt":"2025-01-12T14:36:03","guid":{"rendered":"https:\/\/tagesmuttertuebingen.de\/?page_id=71"},"modified":"2025-02-22T11:00:02","modified_gmt":"2025-02-22T10:00:02","slug":"meine-erziehungsvorstellungen","status":"publish","type":"page","link":"https:\/\/tagesmuttertuebingen.de\/?page_id=71","title":{"rendered":"Meine p\u00e4dagogische Arbeit"},"content":{"rendered":"\n<h1 class=\"wp-block-heading\"><\/h1>\n\n\n\n<div class=\"wp-block-media-text is-stacked-on-mobile\" style=\"grid-template-columns:26{d7d1586733929ea2ee083d57f57cd936747a93ec8daa1b0494178d91f9c4b98f} auto\"><figure class=\"wp-block-media-text__media\"><img loading=\"lazy\" decoding=\"async\" width=\"769\" height=\"1024\" src=\"https:\/\/tagesmuttertuebingen.de\/wp-content\/uploads\/2025\/01\/IMG_20240923_080319-edited-769x1024.jpg\" alt=\"\" class=\"wp-image-117 size-full\" srcset=\"https:\/\/tagesmuttertuebingen.de\/wp-content\/uploads\/2025\/01\/IMG_20240923_080319-edited-769x1024.jpg 769w, https:\/\/tagesmuttertuebingen.de\/wp-content\/uploads\/2025\/01\/IMG_20240923_080319-edited-225x300.jpg 225w, https:\/\/tagesmuttertuebingen.de\/wp-content\/uploads\/2025\/01\/IMG_20240923_080319-edited-768x1023.jpg 768w, https:\/\/tagesmuttertuebingen.de\/wp-content\/uploads\/2025\/01\/IMG_20240923_080319-edited-1153x1536.jpg 1153w, https:\/\/tagesmuttertuebingen.de\/wp-content\/uploads\/2025\/01\/IMG_20240923_080319-edited-1538x2048.jpg 1538w, https:\/\/tagesmuttertuebingen.de\/wp-content\/uploads\/2025\/01\/IMG_20240923_080319-edited-scaled.jpg 1922w\" sizes=\"auto, (max-width: 769px) 100vw, 769px\" \/><\/figure><div class=\"wp-block-media-text__content\">\n<p>Jedes Kind braucht Geborgenheit und vertraute Personen und Umgebungen, um sich gut entwickeln zu k\u00f6nnen. Das Kind entwickelt sich aus sich selbst heraus und braucht den Erwachsenen als Begleiter, Unterst\u00fctzer und Vorbild. Ich versuche, die Kinder vor allem durch mein Handeln zu erziehen und sie weniger \u00fcber den Verstand und mit Erkl\u00e4rungen anzusprechen. Wenn ich t\u00e4tig bin, werden die Kinder auch zur Aktivit\u00e4t angeregt. Vieles geschieht durch Gewohnheiten, jeder Tag hat einen \u00e4hnlichen Ablauf. Dieser klare, immer wiederkehrende Ablauf gibt den Kindern Halt.<\/p>\n\n\n\n<p>Nat\u00fcrlich pr\u00e4gt meine Ausbildung als Waldorferzieherin mein Tun, aber ich versuche auch Impulse aus anderen p\u00e4dagogischen Ans\u00e4tzen mit einzubeziehen. Was die Pflege angeht lehne ich mich zum Beispiel an Emmi Pikler an oder auch die S\u00e4tze von Maria Montessori  &#8222;Hilf mir, es selbst zu tun&#8220; oder &#8220; Nicht das Kind sollte sich der Umgebung anpassen, sondern wir sollten die Umgebung dem Kind anpassen\u201c begleiten mich t\u00e4glich.<\/p>\n\n\n\n<p>Eine vertrauensvolle und wertsch\u00e4tzende Zusammenarbeit mit den Eltern ist ein wichtiges Element f\u00fcr meine t\u00e4gliche Arbeit mit den Kindern.<\/p>\n<\/div><\/div>\n\n\n\n<p><\/p>\n\n\n\n<p><\/p>\n\n\n\n<figure class=\"wp-block-image alignwide size-large\"><img loading=\"lazy\" decoding=\"async\" width=\"1024\" height=\"803\" src=\"https:\/\/tagesmuttertuebingen.de\/wp-content\/uploads\/2025\/01\/IMG_20240920_101352-scaled-e1736703158633-1024x803.jpg\" alt=\"\" class=\"wp-image-72\" srcset=\"https:\/\/tagesmuttertuebingen.de\/wp-content\/uploads\/2025\/01\/IMG_20240920_101352-scaled-e1736703158633-1024x803.jpg 1024w, https:\/\/tagesmuttertuebingen.de\/wp-content\/uploads\/2025\/01\/IMG_20240920_101352-scaled-e1736703158633-300x235.jpg 300w, https:\/\/tagesmuttertuebingen.de\/wp-content\/uploads\/2025\/01\/IMG_20240920_101352-scaled-e1736703158633-768x602.jpg 768w, https:\/\/tagesmuttertuebingen.de\/wp-content\/uploads\/2025\/01\/IMG_20240920_101352-scaled-e1736703158633-1536x1204.jpg 1536w, https:\/\/tagesmuttertuebingen.de\/wp-content\/uploads\/2025\/01\/IMG_20240920_101352-scaled-e1736703158633-2048x1606.jpg 2048w, https:\/\/tagesmuttertuebingen.de\/wp-content\/uploads\/2025\/01\/IMG_20240920_101352-scaled-e1736703158633-2000x1568.jpg 2000w, https:\/\/tagesmuttertuebingen.de\/wp-content\/uploads\/2025\/01\/IMG_20240920_101352-scaled-e1736703158633-600x470.jpg 600w, https:\/\/tagesmuttertuebingen.de\/wp-content\/uploads\/2025\/01\/IMG_20240920_101352-scaled-e1736703158633-1200x941.jpg 1200w\" sizes=\"auto, (max-width: 1024px) 100vw, 1024px\" \/><\/figure>\n","protected":false},"excerpt":{"rendered":"<p>Jedes Kind braucht Geborgenheit und vertraute Personen und Umgebungen, um sich gut entwickeln zu k\u00f6nnen. Das Kind entwickelt sich aus [&hellip;]<\/p>\n","protected":false},"author":2,"featured_media":0,"parent":0,"menu_order":0,"comment_status":"closed","ping_status":"closed","template":"","meta":{"site-sidebar-layout":"default","site-content-layout":"","ast-site-content-layout":"default","site-content-style":"default","site-sidebar-style":"default","ast-global-header-display":"","ast-banner-title-visibility":"","ast-main-header-display":"","ast-hfb-above-header-display":"","ast-hfb-below-header-display":"","ast-hfb-mobile-header-display":"","site-post-title":"","ast-breadcrumbs-content":"","ast-featured-img":"","footer-sml-layout":"","theme-transparent-header-meta":"","adv-header-id-meta":"","stick-header-meta":"","header-above-stick-meta":"","header-main-stick-meta":"","header-below-stick-meta":"","astra-migrate-meta-layouts":"default","ast-page-background-enabled":"default","ast-page-background-meta":{"desktop":{"background-color":"var(--ast-global-color-5)","background-image":"","background-repeat":"repeat","background-position":"center center","background-size":"auto","background-attachment":"scroll","background-type":"","background-media":"","overlay-type":"","overlay-color":"","overlay-opacity":"","overlay-gradient":""},"tablet":{"background-color":"","background-image":"","background-repeat":"repeat","background-position":"center center","background-size":"auto","background-attachment":"scroll","background-type":"","background-media":"","overlay-type":"","overlay-color":"","overlay-opacity":"","overlay-gradient":""},"mobile":{"background-color":"","background-image":"","background-repeat":"repeat","background-position":"center center","background-size":"auto","background-attachment":"scroll","background-type":"","background-media":"","overlay-type":"","overlay-color":"","overlay-opacity":"","overlay-gradient":""}},"ast-content-background-meta":{"desktop":{"background-color":"var(--ast-global-color-4)","background-image":"","background-repeat":"repeat","background-position":"center center","background-size":"auto","background-attachment":"scroll","background-type":"","background-media":"","overlay-type":"","overlay-color":"","overlay-opacity":"","overlay-gradient":""},"tablet":{"background-color":"var(--ast-global-color-4)","background-image":"","background-repeat":"repeat","background-position":"center center","background-size":"auto","background-attachment":"scroll","background-type":"","background-media":"","overlay-type":"","overlay-color":"","overlay-opacity":"","overlay-gradient":""},"mobile":{"background-color":"var(--ast-global-color-4)","background-image":"","background-repeat":"repeat","background-position":"center center","background-size":"auto","background-attachment":"scroll","background-type":"","background-media":"","overlay-type":"","overlay-color":"","overlay-opacity":"","overlay-gradient":""}},"footnotes":""},"class_list":["post-71","page","type-page","status-publish","hentry"],"_links":{"self":[{"href":"https:\/\/tagesmuttertuebingen.de\/index.php?rest_route=\/wp\/v2\/pages\/71","targetHints":{"allow":["GET"]}}],"collection":[{"href":"https:\/\/tagesmuttertuebingen.de\/index.php?rest_route=\/wp\/v2\/pages"}],"about":[{"href":"https:\/\/tagesmuttertuebingen.de\/index.php?rest_route=\/wp\/v2\/types\/page"}],"author":[{"embeddable":true,"href":"https:\/\/tagesmuttertuebingen.de\/index.php?rest_route=\/wp\/v2\/users\/2"}],"replies":[{"embeddable":true,"href":"https:\/\/tagesmuttertuebingen.de\/index.php?rest_route=%2Fwp%2Fv2%2Fcomments&post=71"}],"version-history":[{"count":21,"href":"https:\/\/tagesmuttertuebingen.de\/index.php?rest_route=\/wp\/v2\/pages\/71\/revisions"}],"predecessor-version":[{"id":264,"href":"https:\/\/tagesmuttertuebingen.de\/index.php?rest_route=\/wp\/v2\/pages\/71\/revisions\/264"}],"wp:attachment":[{"href":"https:\/\/tagesmuttertuebingen.de\/index.php?rest_route=%2Fwp%2Fv2%2Fmedia&parent=71"}],"curies":[{"name":"wp","href":"https:\/\/api.w.org\/{rel}","templated":true}]}}